{"id":95,"date":"2025-01-12T13:03:09","date_gmt":"2025-01-12T13:03:09","guid":{"rendered":"https:\/\/oekohof-graz.at\/?page_id=95"},"modified":"2025-02-08T18:40:32","modified_gmt":"2025-02-08T18:40:32","slug":"impressum","status":"publish","type":"page","link":"https:\/\/oekohof-graz.at\/index.php\/impressum\/","title":{"rendered":"Impressum"},"content":{"rendered":"\n<div class=\"wp-block-cover alignfull is-light has-contrast-color has-text-color has-link-color wp-elements-50adf7e00443eff44c07052d9470dd7f\" style=\"margin-top:0;margin-bottom:0;padding-top:var(--wp--preset--spacing--60);padding-right:var(--wp--preset--spacing--50);padding-bottom:var(--wp--preset--spacing--60);padding-left:var(--wp--preset--spacing--50)\"><span aria-hidden=\"true\" class=\"wp-block-cover__background has-base-background-color has-background-dim-100 has-background-dim\"><\/span><div class=\"wp-block-cover__inner-container has-global-padding is-layout-constrained wp-container-core-cover-is-layout-873ee6b1 wp-block-cover-is-layout-constrained\">\n<div class=\"wp-block-columns alignwide is-layout-flex wp-container-core-columns-is-layout-7ee84d44 wp-block-columns-is-layout-flex\">\n<div class=\"wp-block-column is-layout-flow wp-block-column-is-layout-flow\" style=\"flex-basis:65%\">\n<div class=\"wp-block-group is-vertical is-content-justification-stretch is-layout-flex wp-container-core-group-is-layout-353c4f5a wp-block-group-is-layout-flex\">\n<h2 class=\"wp-block-heading has-text-align-left\" style=\"font-size:clamp(8.042rem, 8.042rem + ((1vw - 0.2rem) * 21.895), 22rem);font-style:normal;font-weight:300;letter-spacing:-0.03em;line-height:1.4\"><\/h2>\n\n\n\n<p class=\"is-style-text-subtitle is-style-text-subtitle--1\"><\/p>\n\n\n\n<p>\u00d6kohof Graz<br>Verein f\u00fcr naturnahen Gartenbau<br>Mariagr\u00fcnerstra\u00dfe 102<br>A-8043 Graz<br>oekohof@oekohof-graz.at<\/p>\n\n\n\n<p>Aufsichtsbeh\u00f6rde Verein: Landespolizeidirektion Steiermark<br>ZVR-Zahl 301261405<\/p>\n<\/div>\n<\/div>\n\n\n\n<div class=\"wp-block-column is-layout-flow wp-block-column-is-layout-flow\" style=\"flex-basis:35%\">\n<div class=\"wp-block-group is-vertical is-content-justification-stretch is-nowrap is-layout-flex wp-container-core-group-is-layout-73b0033c wp-block-group-is-layout-flex\">\n<figure class=\"wp-block-image size-full\"><img loading=\"lazy\" decoding=\"async\" width=\"583\" height=\"1148\" src=\"https:\/\/oekohof-graz.at\/wp-content\/uploads\/2025\/02\/1500-Gross-Apfelpresse.jpg\" alt=\"\" class=\"wp-image-138\" style=\"aspect-ratio:3\/4;object-fit:cover\" srcset=\"https:\/\/oekohof-graz.at\/wp-content\/uploads\/2025\/02\/1500-Gross-Apfelpresse.jpg 583w, https:\/\/oekohof-graz.at\/wp-content\/uploads\/2025\/02\/1500-Gross-Apfelpresse-152x300.jpg 152w, https:\/\/oekohof-graz.at\/wp-content\/uploads\/2025\/02\/1500-Gross-Apfelpresse-520x1024.jpg 520w\" sizes=\"auto, (max-width: 583px) 100vw, 583px\" \/><\/figure>\n\n\n\n<p class=\"has-text-align-right has-x-large-font-size\" style=\"line-height:1.2\"><a href=\"#\">Datenschutz<\/a><br><a href=\"#\">DSVGO<\/a><br><a href=\"#\">Sonstiges<\/a><\/p>\n<\/div>\n<\/div>\n<\/div>\n<\/div><\/div>\n\n\n\n<p><\/p>\n","protected":false},"excerpt":{"rendered":"","protected":false},"author":1,"featured_media":0,"parent":0,"menu_order":0,"comment_status":"closed","ping_status":"closed","template":"","meta":{"footnotes":""},"class_list":["post-95","page","type-page","status-publish","hentry"],"_links":{"self":[{"href":"https:\/\/oekohof-graz.at\/index.php\/wp-json\/wp\/v2\/pages\/95","targetHints":{"allow":["GET"]}}],"collection":[{"href":"https:\/\/oekohof-graz.at\/index.php\/wp-json\/wp\/v2\/pages"}],"about":[{"href":"https:\/\/oekohof-graz.at\/index.php\/wp-json\/wp\/v2\/types\/page"}],"author":[{"embeddable":true,"href":"https:\/\/oekohof-graz.at\/index.php\/wp-json\/wp\/v2\/users\/1"}],"replies":[{"embeddable":true,"href":"https:\/\/oekohof-graz.at\/index.php\/wp-json\/wp\/v2\/comments?post=95"}],"version-history":[{"count":6,"href":"https:\/\/oekohof-graz.at\/index.php\/wp-json\/wp\/v2\/pages\/95\/revisions"}],"predecessor-version":[{"id":139,"href":"https:\/\/oekohof-graz.at\/index.php\/wp-json\/wp\/v2\/pages\/95\/revisions\/139"}],"wp:attachment":[{"href":"https:\/\/oekohof-graz.at\/index.php\/wp-json\/wp\/v2\/media?parent=95"}],"curies":[{"name":"wp","href":"https:\/\/api.w.org\/{rel}","templated":true}]}}