{"id":89,"date":"2025-01-12T12:56:07","date_gmt":"2025-01-12T12:56:07","guid":{"rendered":"https:\/\/oekohof-graz.at\/?page_id=89"},"modified":"2025-02-08T18:14:14","modified_gmt":"2025-02-08T18:14:14","slug":"galerie","status":"publish","type":"page","link":"https:\/\/oekohof-graz.at\/index.php\/galerie\/","title":{"rendered":"Galerie"},"content":{"rendered":"\n<div class=\"wp-block-group alignfull has-global-padding is-layout-constrained wp-block-group-is-layout-constrained\" style=\"margin-top:0;margin-bottom:0;padding-top:var(--wp--preset--spacing--50);padding-bottom:var(--wp--preset--spacing--50)\">\n<div class=\"wp-block-columns alignwide is-layout-flex wp-container-core-columns-is-layout-47c06fe3 wp-block-columns-is-layout-flex\">\n<div class=\"wp-block-column is-layout-flow wp-block-column-is-layout-flow\" style=\"flex-basis:56%\">\n<figure class=\"wp-block-image size-full\"><img loading=\"lazy\" decoding=\"async\" width=\"1440\" height=\"1080\" src=\"https:\/\/oekohof-graz.at\/wp-content\/uploads\/2025\/01\/Oekohof-Gartenimpressionen-11-2.jpg\" alt=\"\" class=\"wp-image-31\" style=\"aspect-ratio:1;object-fit:cover\" srcset=\"https:\/\/oekohof-graz.at\/wp-content\/uploads\/2025\/01\/Oekohof-Gartenimpressionen-11-2.jpg 1440w, https:\/\/oekohof-graz.at\/wp-content\/uploads\/2025\/01\/Oekohof-Gartenimpressionen-11-2-300x225.jpg 300w, https:\/\/oekohof-graz.at\/wp-content\/uploads\/2025\/01\/Oekohof-Gartenimpressionen-11-2-1024x768.jpg 1024w, https:\/\/oekohof-graz.at\/wp-content\/uploads\/2025\/01\/Oekohof-Gartenimpressionen-11-2-768x576.jpg 768w\" sizes=\"auto, (max-width: 1440px) 100vw, 1440px\" \/><\/figure>\n<\/div>\n\n\n\n<div class=\"wp-block-column is-vertically-aligned-center is-layout-flow wp-container-core-column-is-layout-119bc444 wp-block-column-is-layout-flow\">\n<h2 class=\"wp-block-heading\">Eindr\u00fccke<\/h2>\n\n\n\n<p>Viele sch\u00f6ne Eindr\u00fccke vom \u00d6kohof<\/p>\n\n\n\n<div class=\"wp-block-buttons is-layout-flex wp-block-buttons-is-layout-flex\">\n<div class=\"wp-block-button\"><a class=\"wp-block-button__link wp-element-button\" href=\"https:\/\/oekohof-graz.at\/wp-content\/uploads\/2025\/01\/P10604942-1024x373-1.jpg\">Vereinsgeb\u00e4ude<\/a><\/div>\n<\/div>\n<\/div>\n<\/div>\n<\/div>\n\n\n\n<div class=\"wp-block-group alignfull has-global-padding is-layout-constrained wp-block-group-is-layout-constrained\" style=\"margin-top:0;margin-bottom:0;padding-top:var(--wp--preset--spacing--50);padding-bottom:var(--wp--preset--spacing--50)\">\n<div class=\"wp-block-group alignwide is-layout-grid wp-container-core-group-is-layout-840b37f5 wp-block-group-is-layout-grid\">\n<div class=\"wp-block-group is-vertical is-layout-flex wp-container-core-group-is-layout-d6b9ab57 wp-block-group-is-layout-flex\">\n<h2 class=\"wp-block-heading has-x-large-font-size\">Die Basis<\/h2>\n<\/div>\n\n\n\n<div class=\"wp-block-group is-vertical is-content-justification-stretch is-layout-flex wp-container-core-group-is-layout-353c4f5a wp-block-group-is-layout-flex\">\n<div class=\"wp-block-cover\"><span aria-hidden=\"true\" class=\"wp-block-cover__background has-background-dim-0 has-background-dim\" style=\"background-color:#833d3a\"><\/span><img loading=\"lazy\" decoding=\"async\" width=\"1024\" height=\"373\" class=\"wp-block-cover__image-background wp-image-34\" alt=\"\" src=\"https:\/\/oekohof-graz.at\/wp-content\/uploads\/2025\/01\/P10604942-1024x373-1.jpg\" data-object-fit=\"cover\" srcset=\"https:\/\/oekohof-graz.at\/wp-content\/uploads\/2025\/01\/P10604942-1024x373-1.jpg 1024w, https:\/\/oekohof-graz.at\/wp-content\/uploads\/2025\/01\/P10604942-1024x373-1-300x109.jpg 300w, https:\/\/oekohof-graz.at\/wp-content\/uploads\/2025\/01\/P10604942-1024x373-1-768x280.jpg 768w\" sizes=\"auto, (max-width: 1024px) 100vw, 1024px\" \/><div class=\"wp-block-cover__inner-container has-global-padding is-layout-constrained wp-block-cover-is-layout-constrained\">\n<div style=\"height:var(--wp--preset--spacing--20)\" aria-hidden=\"true\" class=\"wp-block-spacer\"><\/div>\n<\/div><\/div>\n\n\n\n<p class=\"has-text-align-center\">Vereinsgeb\u00e4ude<\/p>\n<\/div>\n\n\n\n<div class=\"wp-block-group is-vertical is-content-justification-stretch is-layout-flex wp-container-core-group-is-layout-353c4f5a wp-block-group-is-layout-flex\">\n<div class=\"wp-block-cover\"><span aria-hidden=\"true\" class=\"wp-block-cover__background has-background-dim-0 has-background-dim\" style=\"background-color:#828282\"><\/span><img loading=\"lazy\" decoding=\"async\" width=\"1920\" height=\"1080\" class=\"wp-block-cover__image-background wp-image-122\" alt=\"\" src=\"https:\/\/oekohof-graz.at\/wp-content\/uploads\/2025\/02\/20240608_175118-Gross.jpg\" data-object-fit=\"cover\" srcset=\"https:\/\/oekohof-graz.at\/wp-content\/uploads\/2025\/02\/20240608_175118-Gross.jpg 1920w, https:\/\/oekohof-graz.at\/wp-content\/uploads\/2025\/02\/20240608_175118-Gross-300x169.jpg 300w, https:\/\/oekohof-graz.at\/wp-content\/uploads\/2025\/02\/20240608_175118-Gross-1024x576.jpg 1024w, https:\/\/oekohof-graz.at\/wp-content\/uploads\/2025\/02\/20240608_175118-Gross-768x432.jpg 768w, https:\/\/oekohof-graz.at\/wp-content\/uploads\/2025\/02\/20240608_175118-Gross-1536x864.jpg 1536w\" sizes=\"auto, (max-width: 1920px) 100vw, 1920px\" \/><div class=\"wp-block-cover__inner-container has-global-padding is-layout-constrained wp-block-cover-is-layout-constrained\">\n<div style=\"height:var(--wp--preset--spacing--20)\" aria-hidden=\"true\" class=\"wp-block-spacer\"><\/div>\n<\/div><\/div>\n\n\n\n<p class=\"has-text-align-center\">Garten<\/p>\n<\/div>\n\n\n\n<div class=\"wp-block-group is-vertical is-content-justification-stretch is-layout-flex wp-container-core-group-is-layout-353c4f5a wp-block-group-is-layout-flex\">\n<div class=\"wp-block-cover\"><span aria-hidden=\"true\" class=\"wp-block-cover__background has-background-dim-0 has-background-dim\" style=\"background-color:#d6bc98\"><\/span><img loading=\"lazy\" decoding=\"async\" width=\"576\" height=\"768\" class=\"wp-block-cover__image-background wp-image-37\" alt=\"\" src=\"https:\/\/oekohof-graz.at\/wp-content\/uploads\/2025\/01\/20210403_Oekohof_Streuobstwiese_Neu_Setzen-76-Gross-768x576-1-rotated.jpg\" data-object-fit=\"cover\" srcset=\"https:\/\/oekohof-graz.at\/wp-content\/uploads\/2025\/01\/20210403_Oekohof_Streuobstwiese_Neu_Setzen-76-Gross-768x576-1-rotated.jpg 576w, https:\/\/oekohof-graz.at\/wp-content\/uploads\/2025\/01\/20210403_Oekohof_Streuobstwiese_Neu_Setzen-76-Gross-768x576-1-225x300.jpg 225w\" sizes=\"auto, (max-width: 576px) 100vw, 576px\" \/><div class=\"wp-block-cover__inner-container has-global-padding is-layout-constrained wp-block-cover-is-layout-constrained\">\n<div style=\"height:var(--wp--preset--spacing--20)\" aria-hidden=\"true\" class=\"wp-block-spacer\"><\/div>\n<\/div><\/div>\n\n\n\n<p class=\"has-text-align-center\">Streuobstwiese<\/p>\n<\/div>\n<\/div>\n<\/div>\n\n\n\n<div class=\"wp-block-group alignfull has-global-padding is-layout-constrained wp-block-group-is-layout-constrained\" style=\"margin-top:0;margin-bottom:0;padding-top:var(--wp--preset--spacing--50);padding-bottom:var(--wp--preset--spacing--50)\">\n<div class=\"wp-block-group alignwide is-layout-grid wp-container-core-group-is-layout-21f393a4 wp-block-group-is-layout-grid\">\n<div class=\"wp-block-group is-style-section-3 has-global-padding is-layout-constrained wp-block-group-is-layout-constrained is-style-section-3--1\" style=\"min-height:297px\">\n<div class=\"wp-block-group is-vertical is-content-justification-center is-layout-flex wp-container-core-group-is-layout-4aa192bb wp-block-group-is-layout-flex\" style=\"min-height:100%\">\n<h2 class=\"wp-block-heading has-large-font-size\">Viel weiteres Sch\u00f6nes<\/h2>\n\n\n\n<p class=\"has-text-align-center has-medium-font-size\"><\/p>\n<\/div>\n<\/div>\n\n\n\n<figure class=\"wp-block-gallery has-nested-images columns-default is-cropped wp-block-gallery-2 is-layout-flex wp-block-gallery-is-layout-flex\">\n<figure class=\"wp-block-image size-full\"><img loading=\"lazy\" decoding=\"async\" width=\"1080\" height=\"1446\" data-id=\"120\" src=\"https:\/\/oekohof-graz.at\/wp-content\/uploads\/2025\/02\/1504-Gross.jpg\" alt=\"\" class=\"wp-image-120\" style=\"aspect-ratio:1;object-fit:cover\" srcset=\"https:\/\/oekohof-graz.at\/wp-content\/uploads\/2025\/02\/1504-Gross.jpg 1080w, https:\/\/oekohof-graz.at\/wp-content\/uploads\/2025\/02\/1504-Gross-224x300.jpg 224w, https:\/\/oekohof-graz.at\/wp-content\/uploads\/2025\/02\/1504-Gross-765x1024.jpg 765w, https:\/\/oekohof-graz.at\/wp-content\/uploads\/2025\/02\/1504-Gross-768x1028.jpg 768w\" sizes=\"auto, (max-width: 1080px) 100vw, 1080px\" \/><\/figure>\n<\/figure>\n\n\n\n<figure class=\"wp-block-image size-full\"><img loading=\"lazy\" decoding=\"async\" width=\"1080\" height=\"1446\" src=\"https:\/\/oekohof-graz.at\/wp-content\/uploads\/2025\/02\/1503-Gross.jpg\" alt=\"\" class=\"wp-image-119\" style=\"aspect-ratio:1;object-fit:cover\" srcset=\"https:\/\/oekohof-graz.at\/wp-content\/uploads\/2025\/02\/1503-Gross.jpg 1080w, https:\/\/oekohof-graz.at\/wp-content\/uploads\/2025\/02\/1503-Gross-224x300.jpg 224w, https:\/\/oekohof-graz.at\/wp-content\/uploads\/2025\/02\/1503-Gross-765x1024.jpg 765w, https:\/\/oekohof-graz.at\/wp-content\/uploads\/2025\/02\/1503-Gross-768x1028.jpg 768w\" sizes=\"auto, (max-width: 1080px) 100vw, 1080px\" \/><\/figure>\n\n\n\n<figure class=\"wp-block-image size-full\"><img loading=\"lazy\" decoding=\"async\" width=\"1080\" height=\"1446\" src=\"https:\/\/oekohof-graz.at\/wp-content\/uploads\/2025\/02\/1507-Gross.jpg\" alt=\"\" class=\"wp-image-121\" style=\"aspect-ratio:1;object-fit:cover\" srcset=\"https:\/\/oekohof-graz.at\/wp-content\/uploads\/2025\/02\/1507-Gross.jpg 1080w, https:\/\/oekohof-graz.at\/wp-content\/uploads\/2025\/02\/1507-Gross-224x300.jpg 224w, https:\/\/oekohof-graz.at\/wp-content\/uploads\/2025\/02\/1507-Gross-765x1024.jpg 765w, https:\/\/oekohof-graz.at\/wp-content\/uploads\/2025\/02\/1507-Gross-768x1028.jpg 768w\" sizes=\"auto, (max-width: 1080px) 100vw, 1080px\" \/><\/figure>\n\n\n\n<figure class=\"wp-block-image size-full\"><img loading=\"lazy\" decoding=\"async\" width=\"1024\" height=\"678\" src=\"https:\/\/oekohof-graz.at\/wp-content\/uploads\/2025\/02\/DSC0025.klein_.jpg\" alt=\"\" class=\"wp-image-117\" style=\"aspect-ratio:1;object-fit:cover\" srcset=\"https:\/\/oekohof-graz.at\/wp-content\/uploads\/2025\/02\/DSC0025.klein_.jpg 1024w, https:\/\/oekohof-graz.at\/wp-content\/uploads\/2025\/02\/DSC0025.klein_-300x199.jpg 300w, https:\/\/oekohof-graz.at\/wp-content\/uploads\/2025\/02\/DSC0025.klein_-768x509.jpg 768w\" sizes=\"auto, (max-width: 1024px) 100vw, 1024px\" \/><\/figure>\n\n\n\n<figure class=\"wp-block-image size-full\"><img loading=\"lazy\" decoding=\"async\" width=\"1024\" height=\"678\" src=\"https:\/\/oekohof-graz.at\/wp-content\/uploads\/2025\/02\/DSC0021.klein_.jpg\" alt=\"\" class=\"wp-image-116\" style=\"aspect-ratio:1;object-fit:cover\" srcset=\"https:\/\/oekohof-graz.at\/wp-content\/uploads\/2025\/02\/DSC0021.klein_.jpg 1024w, https:\/\/oekohof-graz.at\/wp-content\/uploads\/2025\/02\/DSC0021.klein_-300x199.jpg 300w, https:\/\/oekohof-graz.at\/wp-content\/uploads\/2025\/02\/DSC0021.klein_-768x509.jpg 768w\" sizes=\"auto, (max-width: 1024px) 100vw, 1024px\" \/><\/figure>\n\n\n\n<figure class=\"wp-block-image size-full\"><img loading=\"lazy\" decoding=\"async\" width=\"300\" height=\"225\" src=\"https:\/\/oekohof-graz.at\/wp-content\/uploads\/2025\/01\/P1040096-300x225-1.jpg\" alt=\"\" class=\"wp-image-39\" style=\"aspect-ratio:1;object-fit:cover\"\/><\/figure>\n\n\n\n<figure class=\"wp-block-image size-full\"><img loading=\"lazy\" decoding=\"async\" width=\"300\" height=\"162\" src=\"https:\/\/oekohof-graz.at\/wp-content\/uploads\/2025\/01\/P1030427-300x162-1.jpg\" alt=\"\" class=\"wp-image-35\" style=\"aspect-ratio:1;object-fit:cover\"\/><\/figure>\n<\/div>\n<\/div>\n","protected":false},"excerpt":{"rendered":"<p>Eindr\u00fccke Viele sch\u00f6ne Eindr\u00fccke vom \u00d6kohof Die Basis Vereinsgeb\u00e4ude Garten Streuobstwiese Viel weiteres Sch\u00f6nes<\/p>\n","protected":false},"author":1,"featured_media":0,"parent":0,"menu_order":0,"comment_status":"closed","ping_status":"closed","template":"","meta":{"footnotes":""},"class_list":["post-89","page","type-page","status-publish","hentry"],"_links":{"self":[{"href":"https:\/\/oekohof-graz.at\/index.php\/wp-json\/wp\/v2\/pages\/89","targetHints":{"allow":["GET"]}}],"collection":[{"href":"https:\/\/oekohof-graz.at\/index.php\/wp-json\/wp\/v2\/pages"}],"about":[{"href":"https:\/\/oekohof-graz.at\/index.php\/wp-json\/wp\/v2\/types\/page"}],"author":[{"embeddable":true,"href":"https:\/\/oekohof-graz.at\/index.php\/wp-json\/wp\/v2\/users\/1"}],"replies":[{"embeddable":true,"href":"https:\/\/oekohof-graz.at\/index.php\/wp-json\/wp\/v2\/comments?post=89"}],"version-history":[{"count":8,"href":"https:\/\/oekohof-graz.at\/index.php\/wp-json\/wp\/v2\/pages\/89\/revisions"}],"predecessor-version":[{"id":129,"href":"https:\/\/oekohof-graz.at\/index.php\/wp-json\/wp\/v2\/pages\/89\/revisions\/129"}],"wp:attachment":[{"href":"https:\/\/oekohof-graz.at\/index.php\/wp-json\/wp\/v2\/media?parent=89"}],"curies":[{"name":"wp","href":"https:\/\/api.w.org\/{rel}","templated":true}]}}